{"id":724,"date":"2025-04-06T19:34:51","date_gmt":"2025-04-06T19:34:51","guid":{"rendered":"http:\/\/trautonia-capra.com\/?page_id=724"},"modified":"2025-04-15T08:39:35","modified_gmt":"2025-04-15T08:39:35","slug":"about","status":"publish","type":"page","link":"http:\/\/trautonia-capra.com\/?page_id=724","title":{"rendered":"About"},"content":{"rendered":"<h3 style=\"text-align: center;\">Trautonia Capra<\/h3>\n<p>&nbsp;<\/p>\n<p>Trautonia was born in Vienna, where she studied Musical Theatre at the Schubert Conservatory. In 1990, she moved to Hamburg, attending the Vocaline School for Pop Vocals. In 1996, she met Matthias Schuster who influenced her to move into the electronic music scene. Soon after, she started processing her voice through electronic effects, creating songs and psychedelic sound scapes.<\/p>\n<p><img loading=\"lazy\" decoding=\"async\" class=\"size-medium wp-image-726 alignleft\" src=\"http:\/\/trautonia-capra.com\/wp-content\/uploads\/2025\/04\/Trautonia-City-300x243.jpg\" alt=\"\" width=\"300\" height=\"243\" srcset=\"http:\/\/trautonia-capra.com\/wp-content\/uploads\/2025\/04\/Trautonia-City-300x243.jpg 300w, http:\/\/trautonia-capra.com\/wp-content\/uploads\/2025\/04\/Trautonia-City.jpg 411w\" sizes=\"auto, (max-width: 300px) 100vw, 300px\" \/><\/p>\n<p>Trautonia Capra and Matthias Schuster have been working together ever since, composing, producing and performing weird electronic pop music in their projects \u201cDas Institut\u201d and \u201cCapra\u201d.In 2000, Trautonia first saw a Theremin and fell in love at once. Two weeks later she had her own. She took Theremin-lessons from Barbara Buchholz and later also from Lydia Kavina.<br \/>\nTrautonia made several Art-Installations called \u201cDer geheime Wald\u201d (The Secret Forest), an artificial indoor-forests made of real trees, light and photo-projections, where she also performed with her bands Capra, Das Institut and the experimental vocal quintet Voicenoise back in 2008.<br \/>\nSince 2010, she composed and performed theatre-music, the soundtracks for several short films and played live improvisations to several silent movies and at the moment, is working on her solo project<br \/>\nTrautonia Capra.<\/p>\n<p style=\"text-align: center;\">________________________________<\/p>\n<p><img loading=\"lazy\" decoding=\"async\" class=\"size-medium wp-image-762 alignright\" src=\"http:\/\/trautonia-capra.com\/wp-content\/uploads\/2025\/04\/Ephemere-2-e1744706335925-293x300.jpg\" alt=\"\" width=\"293\" height=\"300\" srcset=\"http:\/\/trautonia-capra.com\/wp-content\/uploads\/2025\/04\/Ephemere-2-e1744706335925-293x300.jpg 293w, http:\/\/trautonia-capra.com\/wp-content\/uploads\/2025\/04\/Ephemere-2-e1744706335925-768x785.jpg 768w, http:\/\/trautonia-capra.com\/wp-content\/uploads\/2025\/04\/Ephemere-2-e1744706335925.jpg 845w\" sizes=\"auto, (max-width: 293px) 100vw, 293px\" \/>Trautonia geboren in Wien, studierte am Schubert-Konservatorium Musiktheater. 1990 zog sie nach Hamburg und besuchte die Vocaline School f\u00fcr Popgesang. 1996 lernte sie Matthias Schuster kennen, der sie dazu inspirierte, sich der elektronischen Musikszene zuzuwenden. Bald darauf begann sie, ihre Stimme mit elektronischen Effekten zu bearbeiten und Songs und psychedelische Klanglandschaften zu kreieren.<\/p>\n<p>Trautonia Capra und Matthias Schuster arbeiten seitdem zusammen und komponieren, produzieren und performen in ihren Projekten \u201eDas Institut\u201c und \u201eCapra\u201c eigenartige elektronische Popmusik. Im Jahr 2000 sah Trautonia zum ersten Mal ein Theremin und verliebte sich sofort. Zwei Wochen sp\u00e4ter besa\u00df sie ihr eigenes. Sie nahm Theremin-Unterricht bei Barbara Buchholz und sp\u00e4ter auch bei Lydia Kavina.<\/p>\n<p>Trautonia schuf mehrere Kunstinstallationen mit dem Titel \u201eDer geheime Wald\u201c, k\u00fcnstliche Indoor-W\u00e4lder aus echten B\u00e4umen, Licht- und Fotoprojektionen, in denen sie 2008 auch mit ihren Bands Capra, Das Institut und dem experimentellen Vokalquintett Voicenoise auftrat.<\/p>\n<p>Seit 2010 komponiert und spielt sie Theatermusik, die Soundtracks f\u00fcr mehrere Kurzfilme und spielt Live-Improvisationen zu mehreren Stummfilmen. Derzeit arbeitet sie an ihrem Soloprojekt Trautonia Capra.<\/p>\n","protected":false},"excerpt":{"rendered":"<p>Trautonia Capra &nbsp; Trautonia was born in Vienna, where she studied Musical Theatre at the Schubert Conservatory. In 1990, she moved to Hamburg, attending the Vocaline School for Pop Vocals. In 1996, she met Matthias Schuster who influenced her to move into the electronic music scene. Soon after, she started processing her voice through electronic effects, creating songs and psychedelic sound scapes. Trautonia Capra and Matthias Schuster have been working together ever since, composing, producing and performing weird electronic pop music in their projects \u201cDas Institut\u201d and \u201cCapra\u201d.In 2000, Trautonia first saw a Theremin and fell in love at once. Two weeks later she had her own. She took Theremin-lessons from Barbara Buchholz and later also from Lydia Kavina. Trautonia made several Art-Installations called \u201cDer geheime Wald\u201d (The Secret Forest), an artificial indoor-forests made of real trees, light and photo-projections, where she also performed with her bands Capra, Das Institut and the experimental vocal quintet Voicenoise back in 2008. Since 2010, she composed and performed theatre-music, the soundtracks for several short films and played live improvisations to several silent movies and at the moment, is working on her solo project Trautonia Capra. ________________________________ Trautonia geboren in Wien, studierte am Schubert-Konservatorium Musiktheater. 1990 zog sie nach Hamburg und besuchte die Vocaline School f\u00fcr Popgesang. 1996 lernte sie Matthias Schuster kennen, der sie dazu inspirierte, sich der elektronischen Musikszene zuzuwenden. Bald darauf begann sie, ihre Stimme mit elektronischen Effekten zu bearbeiten und Songs und psychedelische Klanglandschaften zu kreieren. Trautonia Capra und Matthias Schuster arbeiten seitdem zusammen und komponieren, produzieren und performen in ihren Projekten \u201eDas Institut\u201c und \u201eCapra\u201c eigenartige elektronische Popmusik. Im Jahr 2000 sah Trautonia zum ersten Mal ein Theremin und verliebte sich sofort. Zwei Wochen sp\u00e4ter besa\u00df sie ihr eigenes. Sie nahm Theremin-Unterricht bei Barbara Buchholz und sp\u00e4ter auch bei Lydia Kavina. Trautonia schuf mehrere Kunstinstallationen mit dem Titel \u201eDer geheime Wald\u201c, k\u00fcnstliche Indoor-W\u00e4lder aus echten B\u00e4umen, Licht- und Fotoprojektionen, in denen sie 2008 auch mit ihren Bands Capra, Das Institut und dem experimentellen Vokalquintett Voicenoise auftrat. Seit 2010 komponiert und spielt sie Theatermusik, die Soundtracks f\u00fcr mehrere Kurzfilme und spielt Live-Improvisationen zu mehreren Stummfilmen. Derzeit arbeitet sie an ihrem Soloprojekt Trautonia Capra.<\/p>\n","protected":false},"author":1,"featured_media":0,"parent":0,"menu_order":0,"comment_status":"closed","ping_status":"closed","template":"","meta":{"footnotes":""},"class_list":["post-724","page","type-page","status-publish","hentry"],"acf":[],"_links":{"self":[{"href":"http:\/\/trautonia-capra.com\/index.php?rest_route=\/wp\/v2\/pages\/724","targetHints":{"allow":["GET"]}}],"collection":[{"href":"http:\/\/trautonia-capra.com\/index.php?rest_route=\/wp\/v2\/pages"}],"about":[{"href":"http:\/\/trautonia-capra.com\/index.php?rest_route=\/wp\/v2\/types\/page"}],"author":[{"embeddable":true,"href":"http:\/\/trautonia-capra.com\/index.php?rest_route=\/wp\/v2\/users\/1"}],"replies":[{"embeddable":true,"href":"http:\/\/trautonia-capra.com\/index.php?rest_route=%2Fwp%2Fv2%2Fcomments&post=724"}],"version-history":[{"count":8,"href":"http:\/\/trautonia-capra.com\/index.php?rest_route=\/wp\/v2\/pages\/724\/revisions"}],"predecessor-version":[{"id":807,"href":"http:\/\/trautonia-capra.com\/index.php?rest_route=\/wp\/v2\/pages\/724\/revisions\/807"}],"wp:attachment":[{"href":"http:\/\/trautonia-capra.com\/index.php?rest_route=%2Fwp%2Fv2%2Fmedia&parent=724"}],"curies":[{"name":"wp","href":"https:\/\/api.w.org\/{rel}","templated":true}]}}