{"id":674,"date":"2025-03-20T11:12:50","date_gmt":"2025-03-20T11:12:50","guid":{"rendered":"http:\/\/trautonia-capra.com\/?page_id=674"},"modified":"2025-05-06T13:10:50","modified_gmt":"2025-05-06T13:10:50","slug":"dataprotection","status":"publish","type":"page","link":"http:\/\/trautonia-capra.com\/?page_id=674","title":{"rendered":"Data Protection"},"content":{"rendered":"<h2><strong>Datenschutz \/ <\/strong><strong>Data Protection<\/strong><\/h2>\n<p>__________________________________________________<\/p>\n<h3><\/h3>\n<h3 class=\"wp-block-heading\">Datenschutz<\/h3>\n<p><strong>Trautonia Capra<\/strong> \u00b7 Wieckstrasse 31 \u00b7 22527 Hamburg \/ Germany \u00b7 <strong><a href=\"http:\/\/www.trautonia-capra.com\">www.trautonia-capra.com<\/a> , capra[at]capra-dergeheimewald.de<\/strong><\/p>\n<h4 class=\"wp-block-heading\">Urheberrecht<\/h4>\n<p><strong>Das Urheberrecht liegt bei der K\u00fcnstlerin<\/strong><\/p>\n<h4 class=\"wp-block-heading\">Inhalte der Webseite<\/h4>\n<p>Die durch die K\u00fcnstlerin\/Websitebetreiberin erstellten Texte und Werke auf dieser Interentpr\u00e4senz unterliegen dem deutschen Urheberrecht. Die Vervielf\u00e4ltigung, Bearbeitung, Verbreitung und jede Art der Verwertung au\u00dferhalb der Grenzen des Urheberrechtes bed\u00fcrfen der schriftlichen Zustimmung.<\/p>\n<h4 class=\"wp-block-heading\">Disclaimer<\/h4>\n<p>Inhalte der verlinkten WebseitenMit Urteil vom 12. Mai 1998 \u2013 312 O 85\/98 \u2013 \u201cHaftung f\u00fcr Links\u201d hat das Landgericht (LG) Hamburg entschieden, dass man durch die Anbringung eines Links, die Inhalte der verlinkten Seite ggf. mit zu verantworten hat. Dies kann -so das LG \u2013 nur dadurch verhindert werden,dass man sich ausdr\u00fccklich von diesen Inhalten distanziert. Hiermit distanziere ich mich ausdr\u00fccklich von allen Inhalten aller gelinkten Seiten auf meiner Website und mache mir diese Inhalte nicht zu eigen. Diese Erkl\u00e4rung gilt f\u00fcr alle auf meiner Website ausgehenden Links.<\/p>\n<h4 class=\"wp-block-heading\">Datenschutz<\/h4>\n<p>Die Betreiber dieser Seiten nehmen den Schutz Ihrer pers\u00f6nlichen Daten sehr ernst. Wir behandeln Ihre personenbezogenen Daten vertraulich und entsprechend der gesetzlichen Datenschutzvorschriften sowie dieser Datenschutzerkl\u00e4rung. Die Nutzung unserer Website ist in der Regel ohne Angabe personenbezogener Daten m\u00f6glich. Soweit auf unseren Seiten personenbezogene Daten (beispielsweise Name, Anschrift oder E-Mail-Adressen) erhoben werden, erfolgt dies, soweit m\u00f6glich, stets auf freiwilliger Basis. Diese Daten werden ohne Ihre ausdr\u00fcckliche Zustimmung nicht an Dritte weitergegeben. Wir weisen darauf hin, dass die Daten\u00fcbertragung im Internet (z.B. bei der Kommunikation per E-Mail) Sicherheitsl\u00fccken aufweisen kann. Ein l\u00fcckenloser Schutz der Daten vor dem Zugriff durch Dritte ist nicht m\u00f6glich.<\/p>\n<h4 class=\"wp-block-heading\">Cookies<\/h4>\n<p>Die Internetseiten verwenden teilweise so genannte Cookies. Cookies sind kleine Textdateien, die auf Ihrem Rechner abgelegt werden und die Ihr Browser speichert.Die meisten der von uns verwendeten Cookies sind so genannte \u201eSession-Cookies\u201c. Sie werden nach Ende Ihres Besuchs automatisch gel\u00f6scht. Andere Cookies bleiben auf Ihrem Endger\u00e4t gespeichert, bis Sie diese l\u00f6schen. Diese Cookies erm\u00f6glichen es uns, Ihren Browser beim n\u00e4chsten Besuch wiederzuerkennen. Sie k\u00f6nnen Ihren Browser so einstellen, dass Sie \u00fcber das Setzen von Cookies informiert werden und Cookies nur im Einzelfall erlauben, die Annahme von Cookies f\u00fcr bestimmte F\u00e4lle oder generell ausschlie\u00dfen sowie das automatische L\u00f6schen der Cookies beim Schlie\u00dfen des Browser aktivieren. Bei der Deaktivierung von Cookies kann die Funktionalit\u00e4t dieser Website eingeschr\u00e4nkt sein.<\/p>\n<h4 class=\"wp-block-heading\">KI Widerspruch<\/h4>\n<p>Der Inhaber dieser Website verbietet die Nutzung oder das Herunterladen von Inhalten dieser Website durch Dritte f\u00fcr die Entwicklung, das Training oder den Betrieb von k\u00fcnstlicher Intelligenz oder anderen maschinellen Lernsystemen (&#8222;Text- und Data-Mining&#8220;) vorbehaltlich einer ausdr\u00fccklichen schriftlichen Zustimmung des Inhabers der Website. Ohne eine solche Zustimmung ist es untersagt, die Inhalte der Website f\u00fcr Text- und Data-Mining zu verwenden. Vorhandene Meta-Angaben im HTML-Code sind zu beachten (&#8222;&lt;meta name=&#8220;robots&#8220; content=&#8220;noai, noimageai&#8220;&gt;&#8220;). Der Nutzungsvorbehalt gilt jedoch auch dann, wenn auf der Website keine Meta-Angaben vorhanden sind, die entsprechende Verfahren aussperren, und selbst dann, wenn Bots, die den Zweck haben, die Website zu Zwecken des Text- und Data-Minings auszulesen, nicht mittels technischer Verfahren ausgesperrt werden.<\/p>\n<p>__________________________________________________<\/p>\n<p>&nbsp;<\/p>\n<h3 class=\"wp-block-heading\">Data Protection<\/h3>\n<p><strong>Trautonia Capra<\/strong> \u00b7 Wieckstrasse 31 \u00b7 22527 Hamburg \/ Germany \u00b7 <strong><a href=\"http:\/\/www.trautonia-capra.com\">www.trautonia-capra.com<\/a> , capra[at]capra-dergeheimewald.de<\/strong><\/p>\n<h4 class=\"wp-block-heading\"><strong>Copyright <\/strong><\/h4>\n<p><strong>The copyright belongs to the artist<\/strong><\/p>\n<h4 class=\"wp-block-heading\">Content of the website<\/h4>\n<p>The texts and works on this website created by the artist\/website operator are subject to German copyright law. Reproduction, processing, distribution and any kind of exploitation outside the limits of copyright law require written consent.<\/p>\n<h4 class=\"wp-block-heading\">Disclaimer<\/h4>\n<p>Contents of the linked websites In its judgment of May 12, 1998 &#8211; 312 O 85\/98 &#8211; \u201cLiability for links\u201d, the Hamburg Regional Court (LG) decided that by adding a link, one may also be responsible for the contents of the linked website. According to the LG, this can only be prevented by expressly distancing oneself from this content. I hereby expressly distance myself from all content on all linked pages on my website and do not adopt this content as my own. This declaration applies to all links on my website.<\/p>\n<h4 class=\"wp-block-heading\">Data Protection<\/h4>\n<p>The operators of these sites take the protection of your personal data very seriously. We treat your personal data confidentially and in accordance with the statutory data protection regulations and this data protection declaration. It is generally possible to use our website without providing any personal data. As far as personal data (e.g. name, address or e-mail addresses) is collected on our pages, this is always done on a voluntary basis, as far as possible. This data will not be passed on to third parties without your express consent. We would like to point out that data transmission over the Internet (e.g. when communicating via email) can have security gaps. Complete protection of data from access by third parties is not possible.<\/p>\n<h4 class=\"wp-block-heading\">Cookies<\/h4>\n<p>Some of the websites use so-called cookies. Cookies are small text files that are stored on your computer and that your browser saves. Most of the cookies we use are so-called \u201csession cookies\u201d. They will be automatically deleted at the end of your visit. Other cookies remain stored on your device until you delete them. These cookies enable us to recognize your browser the next time you visit. You can set your browser so that you are informed about the setting of cookies and only allow cookies in individual cases, exclude the acceptance of cookies for certain cases or in general, and activate the automatic deletion of cookies when closing the browser. If cookies are deactivated, the functionality of this website may be restricted.<\/p>\n<h4 class=\"wp-block-heading\">AI contradiction<\/h4>\n<p>The owner of this website prohibits the use or downloading of content from this website by third parties for the development, training or operation of artificial intelligence or other machine learning systems (\u201ctext and data mining\u201d), subject to the express written consent of the owner of the website. Without such consent, it is prohibited to use the content of the website for text and data mining. Existing meta information in the HTML code must be respected (\u201c&lt;meta name=\u201drobots\u201c content=\u201dnoai, noimageai\u201c&gt;\u201d). However, this reservation of use also applies if there is no meta information on the website that blocks the corresponding processes, and even if bots that have the purpose of reading the website for the purposes of text and data mining are not blocked by means of technical processes.<\/p>\n","protected":false},"excerpt":{"rendered":"<p>Datenschutz \/ Data Protection __________________________________________________ Datenschutz Trautonia Capra \u00b7 Wieckstrasse 31 \u00b7 22527 Hamburg \/ Germany \u00b7 www.trautonia-capra.com , capra[at]capra-dergeheimewald.de Urheberrecht Das Urheberrecht liegt bei der K\u00fcnstlerin Inhalte der Webseite Die durch die K\u00fcnstlerin\/Websitebetreiberin erstellten Texte und Werke auf dieser Interentpr\u00e4senz unterliegen dem deutschen Urheberrecht. Die Vervielf\u00e4ltigung, Bearbeitung, Verbreitung und jede Art der Verwertung au\u00dferhalb der Grenzen des Urheberrechtes bed\u00fcrfen der schriftlichen Zustimmung. Disclaimer Inhalte der verlinkten WebseitenMit Urteil vom 12. Mai 1998 \u2013 312 O 85\/98 \u2013 \u201cHaftung f\u00fcr Links\u201d hat das Landgericht (LG) Hamburg entschieden, dass man durch die Anbringung eines Links, die Inhalte der verlinkten Seite ggf. mit zu verantworten hat. Dies kann -so das LG \u2013 nur dadurch verhindert werden,dass man sich ausdr\u00fccklich von diesen Inhalten distanziert. Hiermit distanziere ich mich ausdr\u00fccklich von allen Inhalten aller gelinkten Seiten auf meiner Website und mache mir diese Inhalte nicht zu eigen. Diese Erkl\u00e4rung gilt f\u00fcr alle auf meiner Website ausgehenden Links. Datenschutz Die Betreiber dieser Seiten nehmen den Schutz Ihrer pers\u00f6nlichen Daten sehr ernst. Wir behandeln Ihre personenbezogenen Daten vertraulich und entsprechend der gesetzlichen Datenschutzvorschriften sowie dieser Datenschutzerkl\u00e4rung. Die Nutzung unserer Website ist in der Regel ohne Angabe personenbezogener Daten m\u00f6glich. Soweit auf unseren Seiten personenbezogene Daten (beispielsweise Name, Anschrift oder E-Mail-Adressen) erhoben werden, erfolgt dies, soweit m\u00f6glich, stets auf freiwilliger Basis. Diese Daten werden ohne Ihre ausdr\u00fcckliche Zustimmung nicht an Dritte weitergegeben. Wir weisen darauf hin, dass die Daten\u00fcbertragung im Internet (z.B. bei der Kommunikation per E-Mail) Sicherheitsl\u00fccken aufweisen kann. Ein l\u00fcckenloser Schutz der Daten vor dem Zugriff durch Dritte ist nicht m\u00f6glich. Cookies Die Internetseiten verwenden teilweise so genannte Cookies. Cookies sind kleine Textdateien, die auf Ihrem Rechner abgelegt werden und die Ihr Browser speichert.Die meisten der von uns verwendeten Cookies sind so genannte \u201eSession-Cookies\u201c. Sie werden nach Ende Ihres Besuchs automatisch gel\u00f6scht. Andere Cookies bleiben auf Ihrem Endger\u00e4t gespeichert, bis Sie diese l\u00f6schen. Diese Cookies erm\u00f6glichen es uns, Ihren Browser beim n\u00e4chsten Besuch wiederzuerkennen. Sie k\u00f6nnen Ihren Browser so einstellen, dass Sie \u00fcber das Setzen von Cookies informiert werden und Cookies nur im Einzelfall erlauben, die Annahme von Cookies f\u00fcr bestimmte F\u00e4lle oder generell ausschlie\u00dfen sowie das automatische L\u00f6schen der Cookies beim Schlie\u00dfen des Browser aktivieren. Bei der Deaktivierung von Cookies kann die Funktionalit\u00e4t dieser Website eingeschr\u00e4nkt sein. KI Widerspruch Der Inhaber dieser Website verbietet die Nutzung oder das Herunterladen von Inhalten dieser Website durch Dritte f\u00fcr die Entwicklung, das Training oder den Betrieb von k\u00fcnstlicher Intelligenz oder anderen maschinellen Lernsystemen (&#8222;Text- und Data-Mining&#8220;) vorbehaltlich einer ausdr\u00fccklichen schriftlichen Zustimmung des Inhabers der Website. Ohne eine solche Zustimmung ist es untersagt, die Inhalte der Website f\u00fcr Text- und Data-Mining zu verwenden. Vorhandene Meta-Angaben im HTML-Code sind zu beachten (&#8222;&lt;meta name=&#8220;robots&#8220; content=&#8220;noai, noimageai&#8220;&gt;&#8220;). Der Nutzungsvorbehalt gilt jedoch auch dann, wenn auf der Website keine Meta-Angaben vorhanden sind, die entsprechende Verfahren aussperren, und selbst dann, wenn Bots, die den Zweck haben, die Website zu Zwecken des Text- und Data-Minings auszulesen, nicht mittels technischer Verfahren ausgesperrt werden. __________________________________________________ &nbsp; Data Protection Trautonia Capra \u00b7 Wieckstrasse 31 \u00b7 22527 Hamburg \/ Germany \u00b7 www.trautonia-capra.com , capra[at]capra-dergeheimewald.de Copyright The copyright belongs to the artist Content of the website The texts and works on this website created by the artist\/website operator are subject to German copyright law. Reproduction, processing, distribution and any kind of exploitation outside the limits of copyright law require written consent. Disclaimer Contents of the linked websites In its judgment of May 12, 1998 &#8211; 312 O 85\/98 &#8211; \u201cLiability for links\u201d, the Hamburg Regional Court (LG) decided that by adding a link, one may also be responsible for the contents of the linked website. According to the LG, this can only be prevented by expressly distancing oneself from this content. I hereby expressly distance myself from all content on all linked pages on my website and do not adopt this content as my own. This declaration applies to all links on my website. Data Protection The operators of these sites take the protection of your personal data very seriously. We treat your personal data confidentially and in accordance with the statutory data protection regulations and this data protection declaration. It is generally possible to use our website without providing any personal data. As far as personal data (e.g. name, address or e-mail addresses) is collected on our pages, this is always done on a voluntary basis, as far as possible. This data will not be passed on to third parties without your express consent. We would like to point out that data transmission over the Internet (e.g. when communicating via email) can have security gaps. Complete protection of data from access by third parties is not possible. Cookies Some of the websites use so-called cookies. Cookies are small text files that are stored on your computer and that your browser saves. Most of the cookies we use are so-called \u201csession cookies\u201d. They will be automatically deleted at the end of your visit. Other cookies remain stored on your device until you delete them. These cookies enable us to recognize your browser the next time you visit. You can set your browser so that you are informed about the setting of cookies and only allow cookies in individual cases, exclude the acceptance of cookies for certain cases or in general, and activate the automatic deletion of cookies when closing the browser. If cookies are deactivated, the functionality of this website may be restricted. AI contradiction The owner of this website prohibits the use or downloading of content from this website by third parties for the development, training or operation of artificial intelligence or other machine learning systems (\u201ctext and data mining\u201d), subject to the express written consent of the owner of the website. Without such consent, it is prohibited to use the content of the website for text and data mining. Existing meta information in the HTML code must be respected (\u201c&lt;meta name=\u201drobots\u201c content=\u201dnoai, noimageai\u201c&gt;\u201d). However, this reservation of use also applies if there is no meta information on the website that blocks the corresponding processes, and even if bots that have the purpose of reading the website for the purposes of text and data mining are not blocked by means of technical processes.<\/p>\n","protected":false},"author":1,"featured_media":0,"parent":0,"menu_order":0,"comment_status":"closed","ping_status":"closed","template":"","meta":{"footnotes":""},"class_list":["post-674","page","type-page","status-publish","hentry"],"acf":[],"_links":{"self":[{"href":"http:\/\/trautonia-capra.com\/index.php?rest_route=\/wp\/v2\/pages\/674","targetHints":{"allow":["GET"]}}],"collection":[{"href":"http:\/\/trautonia-capra.com\/index.php?rest_route=\/wp\/v2\/pages"}],"about":[{"href":"http:\/\/trautonia-capra.com\/index.php?rest_route=\/wp\/v2\/types\/page"}],"author":[{"embeddable":true,"href":"http:\/\/trautonia-capra.com\/index.php?rest_route=\/wp\/v2\/users\/1"}],"replies":[{"embeddable":true,"href":"http:\/\/trautonia-capra.com\/index.php?rest_route=%2Fwp%2Fv2%2Fcomments&post=674"}],"version-history":[{"count":15,"href":"http:\/\/trautonia-capra.com\/index.php?rest_route=\/wp\/v2\/pages\/674\/revisions"}],"predecessor-version":[{"id":817,"href":"http:\/\/trautonia-capra.com\/index.php?rest_route=\/wp\/v2\/pages\/674\/revisions\/817"}],"wp:attachment":[{"href":"http:\/\/trautonia-capra.com\/index.php?rest_route=%2Fwp%2Fv2%2Fmedia&parent=674"}],"curies":[{"name":"wp","href":"https:\/\/api.w.org\/{rel}","templated":true}]}}