{"id":668,"date":"2025-03-20T10:59:17","date_gmt":"2025-03-20T10:59:17","guid":{"rendered":"http:\/\/trautonia-capra.com\/?page_id=668"},"modified":"2025-05-06T13:07:29","modified_gmt":"2025-05-06T13:07:29","slug":"contact1","status":"publish","type":"page","link":"http:\/\/trautonia-capra.com\/?page_id=668","title":{"rendered":"Imprint"},"content":{"rendered":"<div class=\"post-content\">\n<blockquote class=\"wp-block-quote is-layout-flow wp-block-quote-is-layout-flow\">\n<h2><strong>Impressum \/ <\/strong><strong>Imprint<br \/>\n<\/strong><\/h2>\n<p>&nbsp;<\/p>\n<p><strong>Trautonia Capra<\/strong><br \/>\nWieckstrasse 31<br \/>\n22527 Hamburg<\/p>\n<p><a href=\"http:\/\/www.trautonia-capra.com\">www.trautonia-capra.com<\/a><br \/>\ncapra[at]capra-dergeheimewald.de<\/p><\/blockquote>\n<p>&nbsp;<\/p>\n<h3 class=\"wp-block-heading\"><a href=\"http:\/\/trautonia-capra.com\/?page_id=674\">&gt; Datenschutz \/Data Protection<\/a><\/h3>\n<\/div>\n<p>&nbsp;<\/p>\n<div class=\"post-content\">\n<blockquote class=\"wp-block-quote is-layout-flow wp-block-quote-is-layout-flow\">\n<h3><\/h3>\n<h3 class=\"wp-block-heading\">Impressum<\/h3>\n<p><strong>Trautonia Capra<\/strong> \u00b7 Wieckstrasse 31 \u00b7 22527 Hamburg \/ Germany \u00b7 <strong><a href=\"http:\/\/www.trautonia-capra.com\">www.trautonia-capra.com<\/a> , capra[at]capra-dergeheimewald.de<\/strong><\/p>\n<h4 class=\"wp-block-heading\">Urheberrecht<\/h4>\n<p><strong>Das Urheberrecht liegt bei der K\u00fcnstler<\/strong>in<\/p>\n<h4 class=\"wp-block-heading\">Inhalte der Webseite<\/h4>\n<p>Die durch die K\u00fcnstlerin\/Websitebetreiberin erstellten Texte und Werke auf dieser Interentpr\u00e4senz unterliegen dem deutschen Urheberrecht. Die Vervielf\u00e4ltigung, Bearbeitung, Verbreitung und jede Art der Verwertung au\u00dferhalb der Grenzen des Urheberrechtes bed\u00fcrfen der schriftlichen Zustimmung.<\/p>\n<h4 class=\"wp-block-heading\">Disclaimer<\/h4>\n<p>Inhalte der verlinkten WebseitenMit Urteil vom 12. Mai 1998 \u2013 312 O 85\/98 \u2013 \u201cHaftung f\u00fcr Links\u201d hat das Landgericht (LG) Hamburg entschieden, dass man durch die Anbringung eines Links, die Inhalte der verlinkten Seite ggf. mit zu verantworten hat. Dies kann -so das LG \u2013 nur dadurch verhindert werden,dass man sich ausdr\u00fccklich von diesen Inhalten distanziert. Hiermit distanziere ich mich ausdr\u00fccklich von allen Inhalten aller gelinkten Seiten auf meiner Website und mache mir diese Inhalte nicht zu eigen. Diese Erkl\u00e4rung gilt f\u00fcr alle auf meiner Website ausgehenden Links.<\/p>\n<h4 class=\"wp-block-heading\">Datenschutz<\/h4>\n<p>Die Betreiber dieser Seiten nehmen den Schutz Ihrer pers\u00f6nlichen Daten sehr ernst. Wir behandeln Ihre personenbezogenen Daten vertraulich und entsprechend der gesetzlichen Datenschutzvorschriften sowie dieser Datenschutzerkl\u00e4rung. Die Nutzung unserer Website ist in der Regel ohne Angabe personenbezogener Daten m\u00f6glich. Soweit auf unseren Seiten personenbezogene Daten (beispielsweise Name, Anschrift oder E-Mail-Adressen) erhoben werden, erfolgt dies, soweit m\u00f6glich, stets auf freiwilliger Basis. Diese Daten werden ohne Ihre ausdr\u00fcckliche Zustimmung nicht an Dritte weitergegeben. Wir weisen darauf hin, dass die Daten\u00fcbertragung im Internet (z.B. bei der Kommunikation per E-Mail) Sicherheitsl\u00fccken aufweisen kann. Ein l\u00fcckenloser Schutz der Daten vor dem Zugriff durch Dritte ist nicht m\u00f6glich.<\/p>\n<h4 class=\"wp-block-heading\">Cookies<\/h4>\n<p>Die Internetseiten verwenden teilweise so genannte Cookies. Cookies sind kleine Textdateien, die auf Ihrem Rechner abgelegt werden und die Ihr Browser speichert.Die meisten der von uns verwendeten Cookies sind so genannte \u201eSession-Cookies\u201c. Sie werden nach Ende Ihres Besuchs automatisch gel\u00f6scht. Andere Cookies bleiben auf Ihrem Endger\u00e4t gespeichert, bis Sie diese l\u00f6schen. Diese Cookies erm\u00f6glichen es uns, Ihren Browser beim n\u00e4chsten Besuch wiederzuerkennen. Sie k\u00f6nnen Ihren Browser so einstellen, dass Sie \u00fcber das Setzen von Cookies informiert werden und Cookies nur im Einzelfall erlauben, die Annahme von Cookies f\u00fcr bestimmte F\u00e4lle oder generell ausschlie\u00dfen sowie das automatische L\u00f6schen der Cookies beim Schlie\u00dfen des Browser aktivieren. Bei der Deaktivierung von Cookies kann die Funktionalit\u00e4t dieser Website eingeschr\u00e4nkt sein.<\/p><\/blockquote>\n<blockquote>\n<h4 class=\"wp-block-heading\">KI Widerspruch<\/h4>\n<p>Der Inhaber dieser Website verbietet die Nutzung oder das Herunterladen von Inhalten dieser Website durch Dritte f\u00fcr die Entwicklung, das Training oder den Betrieb von k\u00fcnstlicher Intelligenz oder anderen maschinellen Lernsystemen (&#8222;Text- und Data-Mining&#8220;) vorbehaltlich einer ausdr\u00fccklichen schriftlichen Zustimmung des Inhabers der Website. Ohne eine solche Zustimmung ist es untersagt, die Inhalte der Website f\u00fcr Text- und Data-Mining zu verwenden. Vorhandene Meta-Angaben im HTML-Code sind zu beachten (&#8222;&lt;meta name=&#8220;robots&#8220; content=&#8220;noai, noimageai&#8220;&gt;&#8220;). Der Nutzungsvorbehalt gilt jedoch auch dann, wenn auf der Website keine Meta-Angaben vorhanden sind, die<br \/>\nentsprechende Verfahren aussperren, und selbst dann, wenn Bots, die den Zweck haben, die Website zu Zwecken des Text- und Data-Minings auszulesen, nicht mittels technischer Verfahren ausgesperrt werden.<\/p><\/blockquote>\n<\/div>\n","protected":false},"excerpt":{"rendered":"<p>Impressum \/ Imprint &nbsp; Trautonia Capra Wieckstrasse 31 22527 Hamburg www.trautonia-capra.com capra[at]capra-dergeheimewald.de &nbsp; &gt; Datenschutz \/Data Protection &nbsp; Impressum Trautonia Capra \u00b7 Wieckstrasse 31 \u00b7 22527 Hamburg \/ Germany \u00b7 www.trautonia-capra.com , capra[at]capra-dergeheimewald.de Urheberrecht Das Urheberrecht liegt bei der K\u00fcnstlerin Inhalte der Webseite Die durch die K\u00fcnstlerin\/Websitebetreiberin erstellten Texte und Werke auf dieser Interentpr\u00e4senz unterliegen dem deutschen Urheberrecht. Die Vervielf\u00e4ltigung, Bearbeitung, Verbreitung und jede Art der Verwertung au\u00dferhalb der Grenzen des Urheberrechtes bed\u00fcrfen der schriftlichen Zustimmung. Disclaimer Inhalte der verlinkten WebseitenMit Urteil vom 12. Mai 1998 \u2013 312 O 85\/98 \u2013 \u201cHaftung f\u00fcr Links\u201d hat das Landgericht (LG) Hamburg entschieden, dass man durch die Anbringung eines Links, die Inhalte der verlinkten Seite ggf. mit zu verantworten hat. Dies kann -so das LG \u2013 nur dadurch verhindert werden,dass man sich ausdr\u00fccklich von diesen Inhalten distanziert. Hiermit distanziere ich mich ausdr\u00fccklich von allen Inhalten aller gelinkten Seiten auf meiner Website und mache mir diese Inhalte nicht zu eigen. Diese Erkl\u00e4rung gilt f\u00fcr alle auf meiner Website ausgehenden Links. Datenschutz Die Betreiber dieser Seiten nehmen den Schutz Ihrer pers\u00f6nlichen Daten sehr ernst. Wir behandeln Ihre personenbezogenen Daten vertraulich und entsprechend der gesetzlichen Datenschutzvorschriften sowie dieser Datenschutzerkl\u00e4rung. Die Nutzung unserer Website ist in der Regel ohne Angabe personenbezogener Daten m\u00f6glich. Soweit auf unseren Seiten personenbezogene Daten (beispielsweise Name, Anschrift oder E-Mail-Adressen) erhoben werden, erfolgt dies, soweit m\u00f6glich, stets auf freiwilliger Basis. Diese Daten werden ohne Ihre ausdr\u00fcckliche Zustimmung nicht an Dritte weitergegeben. Wir weisen darauf hin, dass die Daten\u00fcbertragung im Internet (z.B. bei der Kommunikation per E-Mail) Sicherheitsl\u00fccken aufweisen kann. Ein l\u00fcckenloser Schutz der Daten vor dem Zugriff durch Dritte ist nicht m\u00f6glich. Cookies Die Internetseiten verwenden teilweise so genannte Cookies. Cookies sind kleine Textdateien, die auf Ihrem Rechner abgelegt werden und die Ihr Browser speichert.Die meisten der von uns verwendeten Cookies sind so genannte \u201eSession-Cookies\u201c. Sie werden nach Ende Ihres Besuchs automatisch gel\u00f6scht. Andere Cookies bleiben auf Ihrem Endger\u00e4t gespeichert, bis Sie diese l\u00f6schen. Diese Cookies erm\u00f6glichen es uns, Ihren Browser beim n\u00e4chsten Besuch wiederzuerkennen. Sie k\u00f6nnen Ihren Browser so einstellen, dass Sie \u00fcber das Setzen von Cookies informiert werden und Cookies nur im Einzelfall erlauben, die Annahme von Cookies f\u00fcr bestimmte F\u00e4lle oder generell ausschlie\u00dfen sowie das automatische L\u00f6schen der Cookies beim Schlie\u00dfen des Browser aktivieren. Bei der Deaktivierung von Cookies kann die Funktionalit\u00e4t dieser Website eingeschr\u00e4nkt sein. KI Widerspruch Der Inhaber dieser Website verbietet die Nutzung oder das Herunterladen von Inhalten dieser Website durch Dritte f\u00fcr die Entwicklung, das Training oder den Betrieb von k\u00fcnstlicher Intelligenz oder anderen maschinellen Lernsystemen (&#8222;Text- und Data-Mining&#8220;) vorbehaltlich einer ausdr\u00fccklichen schriftlichen Zustimmung des Inhabers der Website. Ohne eine solche Zustimmung ist es untersagt, die Inhalte der Website f\u00fcr Text- und Data-Mining zu verwenden. Vorhandene Meta-Angaben im HTML-Code sind zu beachten (&#8222;&lt;meta name=&#8220;robots&#8220; content=&#8220;noai, noimageai&#8220;&gt;&#8220;). Der Nutzungsvorbehalt gilt jedoch auch dann, wenn auf der Website keine Meta-Angaben vorhanden sind, die entsprechende Verfahren aussperren, und selbst dann, wenn Bots, die den Zweck haben, die Website zu Zwecken des Text- und Data-Minings auszulesen, nicht mittels technischer Verfahren ausgesperrt werden.<\/p>\n","protected":false},"author":1,"featured_media":0,"parent":0,"menu_order":0,"comment_status":"closed","ping_status":"closed","template":"","meta":{"footnotes":""},"class_list":["post-668","page","type-page","status-publish","hentry"],"acf":[],"_links":{"self":[{"href":"http:\/\/trautonia-capra.com\/index.php?rest_route=\/wp\/v2\/pages\/668","targetHints":{"allow":["GET"]}}],"collection":[{"href":"http:\/\/trautonia-capra.com\/index.php?rest_route=\/wp\/v2\/pages"}],"about":[{"href":"http:\/\/trautonia-capra.com\/index.php?rest_route=\/wp\/v2\/types\/page"}],"author":[{"embeddable":true,"href":"http:\/\/trautonia-capra.com\/index.php?rest_route=\/wp\/v2\/users\/1"}],"replies":[{"embeddable":true,"href":"http:\/\/trautonia-capra.com\/index.php?rest_route=%2Fwp%2Fv2%2Fcomments&post=668"}],"version-history":[{"count":12,"href":"http:\/\/trautonia-capra.com\/index.php?rest_route=\/wp\/v2\/pages\/668\/revisions"}],"predecessor-version":[{"id":815,"href":"http:\/\/trautonia-capra.com\/index.php?rest_route=\/wp\/v2\/pages\/668\/revisions\/815"}],"wp:attachment":[{"href":"http:\/\/trautonia-capra.com\/index.php?rest_route=%2Fwp%2Fv2%2Fmedia&parent=668"}],"curies":[{"name":"wp","href":"https:\/\/api.w.org\/{rel}","templated":true}]}}